{"id":147,"date":"2023-11-08T12:49:55","date_gmt":"2023-11-08T15:49:55","guid":{"rendered":"https:\/\/moesterheld.agro.uba.ar\/?page_id=147"},"modified":"2023-11-09T07:18:27","modified_gmt":"2023-11-09T10:18:27","slug":"el-ecosistema","status":"publish","type":"page","link":"https:\/\/moesterheld.agro.uba.ar\/?page_id=147","title":{"rendered":"El ecosistema"},"content":{"rendered":"\t\t<div data-elementor-type=\"wp-page\" data-elementor-id=\"147\" class=\"elementor elementor-147\">\n\t\t\t\t<div class=\"elementor-element elementor-element-4cb3813 e-flex e-con-boxed e-con e-parent\" data-id=\"4cb3813\" data-element_type=\"container\">\n\t\t\t\t\t<div class=\"e-con-inner\">\n\t\t\t\t<div class=\"elementor-element elementor-element-4f903345 elementor-widget elementor-widget-text-editor\" data-id=\"4f903345\" data-element_type=\"widget\" data-widget_type=\"text-editor.default\">\n\t\t\t\t<div class=\"elementor-widget-container\">\n\t\t\t\t\t\t\t\t\t<p><\/p>\n<p>El t\u00e9rmino &#8220;ecosistema&#8221; es relativamente reciente. Fue acu\u00f1ado en 1935 en una publicaci\u00f3n de Arthur G. Tansley, un bot\u00e1nico ingl\u00e9s. Como puede verse en el extracto del art\u00edculo al pie de esta p\u00e1gina, Tansley cre\u00f3 el t\u00e9rmino para hacer notar que los organismos vivos no s\u00f3lo se relacionan entre s\u00ed sino tambi\u00e9n con el entorno abi\u00f3tico, y forman en conjunto un &#8220;sistema&#8221;, una categor\u00eda m\u00e1s en la jerarqu\u00eda de variados sistemas f\u00edsicos del universo, como el \u00e1tomo o el universo mismo. Sin embargo, hoy hay bastante acuerdo en que los ecosistemas no son un escal\u00f3n por encima de las comunidades en la escalera de niveles de organizaci\u00f3n (<a href=\"https:\/\/nph.onlinelibrary.wiley.com\/doi\/10.1111\/j.1469-8137.2011.03646.x\" target=\"_blank\" rel=\"noopener\">Currie<\/a>, 2011). Son reconocidos m\u00e1s por los procesos que en ellos ocurren que por su condici\u00f3n de entidades delimitadas. Esos procesos son esencialmente el flujo de la energ\u00eda y el ciclo de los nutrientes.<\/p>\n<p>Curiosamente, el t\u00e9rmino ha salido del \u00e1mbito biol\u00f3gico y ecol\u00f3gico y ha sido cooptado por los de la tecnolog\u00eda, las organizaciones o el mercadeo. Se habla as\u00ed, por ejemplo, del &#8220;ecosistema Agtech&#8221; para referirse al conjunto integrado de actores, din\u00e1micas y factores que interact\u00faan en el sector de tecnolog\u00eda aplicada a la agricultura. La idea del &#8220;ecosistema&#8221; en este sentido enfatiza la interdependencia y las interacciones complejas entre los diferentes participantes y factores, similar a c\u00f3mo los organismos interact\u00faan en un ecosistema biol\u00f3gico. En ambos casos, el todo es considerado m\u00e1s que la suma de sus partes.<\/p>\n<p><\/p>\t\t\t\t\t\t\t\t<\/div>\n\t\t\t\t<\/div>\n\t\t\t\t\t<\/div>\n\t\t\t\t<\/div>\n\t\t<div class=\"elementor-element elementor-element-4fdc0d4 e-flex e-con-boxed e-con e-parent\" data-id=\"4fdc0d4\" data-element_type=\"container\">\n\t\t\t\t\t<div class=\"e-con-inner\">\n\t\t\t\t<div class=\"elementor-element elementor-element-53a7181 elementor-widget elementor-widget-image\" data-id=\"53a7181\" data-element_type=\"widget\" data-widget_type=\"image.default\">\n\t\t\t\t<div class=\"elementor-widget-container\">\n\t\t\t\t\t\t\t\t\t\t\t\t\t\t\t<img fetchpriority=\"high\" decoding=\"async\" width=\"676\" height=\"495\" src=\"https:\/\/moesterheld.agro.uba.ar\/wp-content\/uploads\/2023\/11\/TheEcosytem.jpg\" class=\"attachment-large size-large wp-image-160\" alt=\"\" srcset=\"https:\/\/moesterheld.agro.uba.ar\/wp-content\/uploads\/2023\/11\/TheEcosytem.jpg 862w, https:\/\/moesterheld.agro.uba.ar\/wp-content\/uploads\/2023\/11\/TheEcosytem-300x220.jpg 300w, https:\/\/moesterheld.agro.uba.ar\/wp-content\/uploads\/2023\/11\/TheEcosytem-768x562.jpg 768w, https:\/\/moesterheld.agro.uba.ar\/wp-content\/uploads\/2023\/11\/TheEcosytem-600x439.jpg 600w\" sizes=\"(max-width: 676px) 100vw, 676px\" \/>\t\t\t\t\t\t\t\t\t\t\t\t\t\t\t<\/div>\n\t\t\t\t<\/div>\n\t\t\t\t\t<\/div>\n\t\t\t\t<\/div>\n\t\t<div class=\"elementor-element elementor-element-c013b6b e-flex e-con-boxed e-con e-parent\" data-id=\"c013b6b\" data-element_type=\"container\">\n\t\t\t\t\t<div class=\"e-con-inner\">\n\t\t\t\t<div class=\"elementor-element elementor-element-87b6d62 elementor-widget elementor-widget-text-editor\" data-id=\"87b6d62\" data-element_type=\"widget\" data-widget_type=\"text-editor.default\">\n\t\t\t\t<div class=\"elementor-widget-container\">\n\t\t\t\t\t\t\t\t\t<p><em>Extracto del art\u00edculo cl\u00e1sico en el que&nbsp;<a href=\"https:\/\/www.jstor.org\/stable\/1930070\">Tansley<\/a>&nbsp;(1935) acu\u00f1\u00f3 el t\u00e9rmino &#8220;ecosistema&#8221;.<\/em><\/p>\t\t\t\t\t\t\t\t<\/div>\n\t\t\t\t<\/div>\n\t\t\t\t\t<\/div>\n\t\t\t\t<\/div>\n\t\t\t\t<\/div>\n\t\t","protected":false},"excerpt":{"rendered":"<p>El t\u00e9rmino &#8220;ecosistema&#8221; es relativamente reciente. Fue acu\u00f1ado en 1935 en una publicaci\u00f3n de Arthur G. Tansley, un bot\u00e1nico ingl\u00e9s. Como puede verse en el extracto del art\u00edculo al pie de esta p\u00e1gina, Tansley cre\u00f3 el t\u00e9rmino para hacer notar&#8230; <a class=\"more-link\" href=\"https:\/\/moesterheld.agro.uba.ar\/?page_id=147\">Continue Reading &rarr;<\/a><\/p>\n","protected":false},"author":1,"featured_media":0,"parent":0,"menu_order":0,"comment_status":"closed","ping_status":"closed","template":"template-nosidebar.php","meta":{"footnotes":""},"class_list":["post-147","page","type-page","status-publish","hentry"],"_links":{"self":[{"href":"https:\/\/moesterheld.agro.uba.ar\/index.php?rest_route=\/wp\/v2\/pages\/147","targetHints":{"allow":["GET"]}}],"collection":[{"href":"https:\/\/moesterheld.agro.uba.ar\/index.php?rest_route=\/wp\/v2\/pages"}],"about":[{"href":"https:\/\/moesterheld.agro.uba.ar\/index.php?rest_route=\/wp\/v2\/types\/page"}],"author":[{"embeddable":true,"href":"https:\/\/moesterheld.agro.uba.ar\/index.php?rest_route=\/wp\/v2\/users\/1"}],"replies":[{"embeddable":true,"href":"https:\/\/moesterheld.agro.uba.ar\/index.php?rest_route=%2Fwp%2Fv2%2Fcomments&post=147"}],"version-history":[{"count":20,"href":"https:\/\/moesterheld.agro.uba.ar\/index.php?rest_route=\/wp\/v2\/pages\/147\/revisions"}],"predecessor-version":[{"id":191,"href":"https:\/\/moesterheld.agro.uba.ar\/index.php?rest_route=\/wp\/v2\/pages\/147\/revisions\/191"}],"wp:attachment":[{"href":"https:\/\/moesterheld.agro.uba.ar\/index.php?rest_route=%2Fwp%2Fv2%2Fmedia&parent=147"}],"curies":[{"name":"wp","href":"https:\/\/api.w.org\/{rel}","templated":true}]}}